{"id":2217,"date":"2026-03-18T10:49:41","date_gmt":"2026-03-18T08:49:41","guid":{"rendered":"https:\/\/lat35.eu\/?page_id=2217"},"modified":"2026-03-27T11:33:17","modified_gmt":"2026-03-27T09:33:17","slug":"rental-terms-conditions","status":"publish","type":"page","link":"https:\/\/lat35.eu\/fr\/rental-terms-conditions\/","title":{"rendered":"conditions de location"},"content":{"rendered":"<div data-elementor-type=\"wp-page\" data-elementor-id=\"2217\" class=\"elementor elementor-2217\" data-elementor-post-type=\"page\">\n\t\t\t\t<div class=\"elementor-element elementor-element-ce0d348 e-flex e-con-boxed e-con e-parent\" data-id=\"ce0d348\" data-element_type=\"container\" data-e-type=\"container\">\n\t\t\t\t\t<div class=\"e-con-inner\">\n\t\t\t\t<div class=\"elementor-element elementor-element-74b6a09 elementor-widget elementor-widget-heading\" data-id=\"74b6a09\" data-element_type=\"widget\" data-e-type=\"widget\" data-widget_type=\"heading.default\">\n\t\t\t\t\t<h2 class=\"elementor-heading-title elementor-size-default\">conditions de location<\/h2>\t\t\t\t<\/div>\n\t\t\t\t<div class=\"elementor-element elementor-element-557180e elementor-widget elementor-widget-text-editor\" data-id=\"557180e\" data-element_type=\"widget\" data-e-type=\"widget\" data-widget_type=\"text-editor.default\">\n\t\t\t\t\t\t\t\t\t<p><strong>CONDUCTEUR <\/strong><\/p><p>L\u2019\u00e2ge minimum pour la location de scooters ou de motos jusqu\u2019\u00e0 125cc est de 18 ans. Pour tout autre v\u00e9hicule, l\u2019\u00e2ge minimum est de 21 ans.<\/p><p>Le conducteur doit pr\u00e9senter :<\/p><p>Un permis de conduire valide d\u00e9livr\u00e9 au moins un an avant la date de location. Les citoyens de pays hors UE doivent \u00e9galement pr\u00e9senter un permis de conduire international valide en plus de leur permis national. Le locataire confirme qu\u2019il est en possession d\u2019un permis de conduire valide requis pour le v\u00e9hicule lou\u00e9 et que ce permis est valide et reconnu en Gr\u00e8ce. Les permis provisoires, permis d\u2019apprentissage ou permis temporaires ne sont en aucun cas accept\u00e9s. Le locataire est seul responsable du respect de toutes les exigences l\u00e9gales. La soci\u00e9t\u00e9 d\u00e9cline toute responsabilit\u00e9 si le permis n\u2019est pas valide ou reconnu.<\/p><p>Une carte d\u2019identit\u00e9 nationale ou un passeport valide.<\/p><p>Une carte de cr\u00e9dit valide.<\/p><p><strong>R\u00c8GLES D\u2019UTILISATION <\/strong><\/p><p><strong>Tous les v\u00e9hicules sont surveill\u00e9s par GPS, et toute violation des r\u00e8gles ci-dessous sera trait\u00e9e imm\u00e9diatement ! <\/strong><\/p><p>Le kilom\u00e9trage maximal journalier pour les quads et les scooters est de 100 km par jour. Chaque kilom\u00e8tre suppl\u00e9mentaire sera factur\u00e9 \u20ac 0,50.<\/p><p>Les quads ne peuvent \u00eatre utilis\u00e9s que dans un rayon de 40 km autour du point de location. Toute r\u00e9cup\u00e9ration de v\u00e9hicule ou assistance routi\u00e8re en dehors de cette zone sera factur\u00e9e \u20ac 150.<\/p><p>La vitesse maximale pour les quads est de 65 km\/h. En cas de violations r\u00e9p\u00e9t\u00e9es enregistr\u00e9es par GPS, la location sera imm\u00e9diatement interrompue et des frais de \u20ac 150 seront factur\u00e9s pour la r\u00e9cup\u00e9ration du v\u00e9hicule (aucun remboursement pour le temps de location non utilis\u00e9).<\/p><p>La conduite hors route est strictement interdite. Si le GPS d\u00e9tecte une utilisation hors route, la location sera imm\u00e9diatement interrompue et une p\u00e9nalit\u00e9 de \u20ac 250 + \u20ac 150 de frais de r\u00e9cup\u00e9ration sera appliqu\u00e9e (aucun remboursement pour le temps non utilis\u00e9). La conduite hors route comprend toute circulation sur des surfaces non pav\u00e9es, chemins de terre, plages, champs, chemins forestiers ou toute surface non class\u00e9e comme route publique.<\/p><p>Le port du casque est obligatoire \u00e0 tout moment lors de l\u2019utilisation de tout v\u00e9hicule.<\/p><p>En cas de perte des cl\u00e9s du v\u00e9hicule, des frais de \u20ac 80 seront factur\u00e9s.<\/p><p>En cas de perte d\u2019un casque, des frais de \u20ac 50 seront factur\u00e9s.<\/p><p>L\u2019utilisation du v\u00e9hicule en dehors de l\u2019\u00eele principale de Cr\u00e8te est strictement interdite et entra\u00eenera une amende de \u20ac 1000.<\/p><p>Le locataire est seul responsable de toutes les infractions routi\u00e8res et amendes encourues pendant la p\u00e9riode de location.<\/p><p>La soci\u00e9t\u00e9 se r\u00e9serve le droit de d\u00e9biter la carte de cr\u00e9dit du locataire pour tout dommage, amende ou violation des pr\u00e9sentes conditions.<\/p><p><strong>RETOUR<\/strong><\/p><p>Le v\u00e9hicule doit \u00eatre restitu\u00e9 avec la m\u00eame quantit\u00e9 de carburant qu\u2019au moment de la prise en charge. Si le v\u00e9hicule est restitu\u00e9 avec moins de carburant, le locataire sera factur\u00e9 pour la quantit\u00e9 manquante. Aucun remboursement ne sera effectu\u00e9 si le v\u00e9hicule est restitu\u00e9 avec plus de carburant.<\/p><p>Le v\u00e9hicule doit \u00eatre restitu\u00e9 en bon \u00e9tat de propret\u00e9. Dans le cas contraire, des frais de nettoyage de \u20ac 25 seront factur\u00e9s.<\/p><p>L\u2019heure de retour pour les locations d\u2019une journ\u00e9e est fix\u00e9e \u00e0 21h00. Les retours tardifs peuvent entra\u00eener des frais suppl\u00e9mentaires et affecter la couverture d\u2019assurance. Les v\u00e9hicules restitu\u00e9s en retard (une p\u00e9riode de tol\u00e9rance de 30 minutes s\u2019applique) seront factur\u00e9s pour une journ\u00e9e suppl\u00e9mentaire compl\u00e8te.<\/p><p><strong>ACCIDENT <\/strong><\/p><p>En cas d\u2019accident, le locataire doit imm\u00e9diatement informer la soci\u00e9t\u00e9 et la police, et fournir le rapport officiel de police lors de la restitution du v\u00e9hicule. \u00c0 d\u00e9faut, la garantie CDW sera annul\u00e9e et le locataire sera enti\u00e8rement responsable de tous les dommages.\n\nLe locataire doit attendre l\u2019arriv\u00e9e de la police et des repr\u00e9sentants de l\u2019assurance sur les lieux. Si le locataire est responsable de l\u2019accident, des frais administratifs de \u20ac 15 seront factur\u00e9s, et le locataire s\u2019engage \u00e0 payer la perte d\u2019exploitation du v\u00e9hicule ou de l\u2019\u00e9quipement endommag\u00e9, \u00e0 hauteur de \u20ac 150 par jour \u00e0 compter de la date du dommage jusqu\u2019\u00e0 la r\u00e9paration compl\u00e8te et la remise en service du v\u00e9hicule, sans d\u00e9passer 14 jours.<\/p><p><strong>ASSURANCE <\/strong><\/p><p><strong>Collision Damage Waiver (CDW) &#8211; <\/strong>La responsabilit\u00e9 du locataire pour les dommages caus\u00e9s au v\u00e9hicule lou\u00e9 est limit\u00e9e comme suit :<\/p><p>Pour les v\u00e9hicules de 100cc \u00e0 150cc : la responsabilit\u00e9 du locataire est limit\u00e9e \u00e0 \u20ac 300 + TVA par incident.<\/p><p>Pour les quads jusqu\u2019\u00e0 440cc : la responsabilit\u00e9 du locataire est limit\u00e9e \u00e0 \u20ac 400 + TVA par incident.<\/p><p>Pour les quads \u00e0 partir de 450cc ainsi que tous les buggys : la responsabilit\u00e9 du locataire est limit\u00e9e \u00e0 \u20ac 800 + TVA par incident.<\/p><p>Le locataire doit nous informer imm\u00e9diatement de tout incident d\u00e8s qu\u2019il en a connaissance. Si les dommages ne sont signal\u00e9s qu\u2019au moment de la restitution du v\u00e9hicule, ils ne seront pas couverts par l\u2019assurance, et le locataire sera enti\u00e8rement responsable de tous les co\u00fbts associ\u00e9s. Veuillez noter que les dommages aux pneus, au pare-brise, aux vitres ou au dessous du v\u00e9hicule ne sont pas couverts par cette limitation de responsabilit\u00e9.<\/p><p><strong>L\u2019assurance ne couvre pas les cas suivants :<\/strong><\/p><p>Utilisation du v\u00e9hicule hors route ou sur des routes non pav\u00e9es non autoris\u00e9es.<\/p><p>Utilisation du v\u00e9hicule apr\u00e8s un accident.<\/p><p>Conduite sous l\u2019influence de l\u2019alcool ou d\u2019autres substances.<\/p><p>Utilisation du v\u00e9hicule par des conducteurs non mentionn\u00e9s dans le contrat de location.<\/p><p>Conduite inappropri\u00e9e ou n\u00e9gligente.<\/p><p>Dommages r\u00e9sultant de violations du Code de la route.<\/p><p>Dommages caus\u00e9s par l\u2019utilisation d\u2019un carburant incorrect.<\/p><p>Dommages intentionnels ou r\u00e9sultant d\u2019une n\u00e9gligence grave (par exemple embrayage ou pneus br\u00fbl\u00e9s).<\/p><p>Dommages au ch\u00e2ssis, \u00e0 l\u2019int\u00e9rieur ou aux pneus du v\u00e9hicule.<\/p><p>D\u00e9passement du nombre maximal de passagers autoris\u00e9 selon les documents du v\u00e9hicule.<\/p><p>Utilisation du v\u00e9hicule apr\u00e8s l\u2019expiration de la p\u00e9riode de location pr\u00e9vue au contrat.<\/p><p>Dommages r\u00e9sultant d\u2019accidents non signal\u00e9s \u00e0 la fois \u00e0 la soci\u00e9t\u00e9 et \u00e0 la police au moment de l\u2019incident.<\/p><p>Les dommages aux pneus, au pare-brise, aux vitres ou au dessous du v\u00e9hicule sont express\u00e9ment exclus de toute couverture d\u2019assurance.<\/p><p>Pour les quads, scooters et motos, aucune couverture d\u2019assurance n\u2019est pr\u00e9vue en cas de vol, sauf si une assurance compl\u00e9mentaire contre le vol a \u00e9t\u00e9 souscrite. Faute de quoi, le locataire est enti\u00e8rement responsable de la valeur de remplacement du v\u00e9hicule.<\/p><p>Nous nous r\u00e9servons le droit d\u2019enregistrer les informations de carte de cr\u00e9dit du locataire. Si, en cas de dommage, une somme d\u00e9bit\u00e9e par nos soins est contest\u00e9e aupr\u00e8s de la soci\u00e9t\u00e9 de carte de cr\u00e9dit malgr\u00e9 une autorisation pr\u00e9alable, des frais administratifs suppl\u00e9mentaires de \u20ac 300 ainsi que des frais juridiques et judiciaires suppl\u00e9mentaires seront factur\u00e9s.<\/p><p><strong>INVALIDIT\u00c9 PARTIELLE \/ DROIT APPLICABLE <\/strong><\/p><p>Si une disposition du pr\u00e9sent contrat est jug\u00e9e invalide ou inapplicable par une juridiction comp\u00e9tente, les autres dispositions resteront pleinement en vigueur. Le pr\u00e9sent contrat est r\u00e9gi par le droit grec et doit \u00eatre interpr\u00e9t\u00e9 conform\u00e9ment \u00e0 celui-ci.<\/p><p>\u00a0<\/p>\t\t\t\t\t\t\t\t<\/div>\n\t\t\t\t\t<\/div>\n\t\t\t\t<\/div>\n\t\t\t\t<\/div>","protected":false},"excerpt":{"rendered":"<p>Rental Terms &amp; Conditions DRIVER The minimum age for renting scooters or motorbikes up to 125cc is 18 years. For any other vehicle, the minimum age is 21. The driver must present: A valid driver\u2019s licence issued at least one year prior to the rental date. Citizens of non-EU countries must also present a valid [&hellip;]<\/p>\n","protected":false},"author":1,"featured_media":0,"parent":0,"menu_order":0,"comment_status":"closed","ping_status":"closed","template":"","meta":{"site-sidebar-layout":"no-sidebar","site-content-layout":"page-builder","ast-site-content-layout":"full-width-container","site-content-style":"default","site-sidebar-style":"default","ast-global-header-display":"","ast-banner-title-visibility":"","ast-main-header-display":"","ast-hfb-above-header-display":"","ast-hfb-below-header-display":"","ast-hfb-mobile-header-display":"","site-post-title":"disabled","ast-breadcrumbs-content":"","ast-featured-img":"disabled","footer-sml-layout":"","ast-disable-related-posts":"","theme-transparent-header-meta":"","adv-header-id-meta":"","stick-header-meta":"","header-above-stick-meta":"","header-main-stick-meta":"","header-below-stick-meta":"","astra-migrate-meta-layouts":"set","ast-page-background-enabled":"default","ast-page-background-meta":{"desktop":{"background-color":"var(--ast-global-color-5)","background-image":"","background-repeat":"repeat","background-position":"center center","background-size":"auto","background-attachment":"scroll","background-type":"","background-media":"","overlay-type":"","overlay-color":"","overlay-opacity":"","overlay-gradient":""},"tablet":{"background-color":"","background-image":"","background-repeat":"repeat","background-position":"center center","background-size":"auto","background-attachment":"scroll","background-type":"","background-media":"","overlay-type":"","overlay-color":"","overlay-opacity":"","overlay-gradient":""},"mobile":{"background-color":"","background-image":"","background-repeat":"repeat","background-position":"center center","background-size":"auto","background-attachment":"scroll","background-type":"","background-media":"","overlay-type":"","overlay-color":"","overlay-opacity":"","overlay-gradient":""}},"ast-content-background-meta":{"desktop":{"background-color":"var(--ast-global-color-4)","background-image":"","background-repeat":"repeat","background-position":"center center","background-size":"auto","background-attachment":"scroll","background-type":"","background-media":"","overlay-type":"","overlay-color":"","overlay-opacity":"","overlay-gradient":""},"tablet":{"background-color":"var(--ast-global-color-4)","background-image":"","background-repeat":"repeat","background-position":"center center","background-size":"auto","background-attachment":"scroll","background-type":"","background-media":"","overlay-type":"","overlay-color":"","overlay-opacity":"","overlay-gradient":""},"mobile":{"background-color":"var(--ast-global-color-4)","background-image":"","background-repeat":"repeat","background-position":"center center","background-size":"auto","background-attachment":"scroll","background-type":"","background-media":"","overlay-type":"","overlay-color":"","overlay-opacity":"","overlay-gradient":""}},"footnotes":""},"class_list":["post-2217","page","type-page","status-publish","hentry"],"_links":{"self":[{"href":"https:\/\/lat35.eu\/fr\/wp-json\/wp\/v2\/pages\/2217","targetHints":{"allow":["GET"]}}],"collection":[{"href":"https:\/\/lat35.eu\/fr\/wp-json\/wp\/v2\/pages"}],"about":[{"href":"https:\/\/lat35.eu\/fr\/wp-json\/wp\/v2\/types\/page"}],"author":[{"embeddable":true,"href":"https:\/\/lat35.eu\/fr\/wp-json\/wp\/v2\/users\/1"}],"replies":[{"embeddable":true,"href":"https:\/\/lat35.eu\/fr\/wp-json\/wp\/v2\/comments?post=2217"}],"version-history":[{"count":40,"href":"https:\/\/lat35.eu\/fr\/wp-json\/wp\/v2\/pages\/2217\/revisions"}],"predecessor-version":[{"id":2394,"href":"https:\/\/lat35.eu\/fr\/wp-json\/wp\/v2\/pages\/2217\/revisions\/2394"}],"wp:attachment":[{"href":"https:\/\/lat35.eu\/fr\/wp-json\/wp\/v2\/media?parent=2217"}],"curies":[{"name":"wp","href":"https:\/\/api.w.org\/{rel}","templated":true}]}}