{"id":2217,"date":"2026-03-18T10:49:41","date_gmt":"2026-03-18T08:49:41","guid":{"rendered":"https:\/\/lat35.eu\/?page_id=2217"},"modified":"2026-03-27T11:33:17","modified_gmt":"2026-03-27T09:33:17","slug":"rental-terms-conditions","status":"publish","type":"page","link":"https:\/\/lat35.eu\/pl\/rental-terms-conditions\/","title":{"rendered":"warunki wynajmu"},"content":{"rendered":"<div data-elementor-type=\"wp-page\" data-elementor-id=\"2217\" class=\"elementor elementor-2217\" data-elementor-post-type=\"page\">\n\t\t\t\t<div class=\"elementor-element elementor-element-ce0d348 e-flex e-con-boxed e-con e-parent\" data-id=\"ce0d348\" data-element_type=\"container\" data-e-type=\"container\">\n\t\t\t\t\t<div class=\"e-con-inner\">\n\t\t\t\t<div class=\"elementor-element elementor-element-74b6a09 elementor-widget elementor-widget-heading\" data-id=\"74b6a09\" data-element_type=\"widget\" data-e-type=\"widget\" data-widget_type=\"heading.default\">\n\t\t\t\t\t<h2 class=\"elementor-heading-title elementor-size-default\">warunki wynajmu<\/h2>\t\t\t\t<\/div>\n\t\t\t\t<div class=\"elementor-element elementor-element-557180e elementor-widget elementor-widget-text-editor\" data-id=\"557180e\" data-element_type=\"widget\" data-e-type=\"widget\" data-widget_type=\"text-editor.default\">\n\t\t\t\t\t\t\t\t\t<p><strong>KIEROWCA <\/strong><\/p><p>Minimalny wiek wynajmu skuter\u00f3w lub motocykli do 125cc wynosi 18 lat. Dla wszystkich pozosta\u0142ych pojazd\u00f3w minimalny wiek wynosi 21 lat.<\/p><p>Kierowca musi przedstawi\u0107:<\/p><p>Wa\u017cne prawo jazdy wydane co najmniej rok przed dat\u0105 wynajmu. Obywatele kraj\u00f3w spoza UE musz\u0105 r\u00f3wnie\u017c przedstawi\u0107 wa\u017cne mi\u0119dzynarodowe prawo jazdy opr\u00f3cz krajowego prawa jazdy. Najemca potwierdza, \u017ce posiada wa\u017cne prawo jazdy wymagane dla wynajmowanego pojazdu oraz \u017ce jest ono wa\u017cne i uznawane w Grecji. Tymczasowe prawa jazdy, pozwolenia dla ucz\u0105cych si\u0119 lub inne tymczasowe dokumenty nie s\u0105 w \u017cadnym przypadku akceptowane. Najemca ponosi wy\u0142\u0105czn\u0105 odpowiedzialno\u015b\u0107 za spe\u0142nienie wszystkich wymog\u00f3w prawnych. Firma nie ponosi odpowiedzialno\u015bci w przypadku, gdy prawo jazdy nie jest wa\u017cne lub nie jest uznawane.<\/p><p>Wa\u017cny dow\u00f3d osobisty lub paszport.<\/p><p>Wa\u017cn\u0105 kart\u0119 kredytow\u0105.<\/p><p><strong>ZASADY U\u017bYTKOWANIA <\/strong><\/p><p><strong>Wszystkie pojazdy s\u0105 monitorowane za pomoc\u0105 GPS, a naruszenia poni\u017cszych zasad b\u0119d\u0105 natychmiast egzekwowane! <\/strong><\/p><p>Maksymalny dzienny limit kilometr\u00f3w dla quad\u00f3w i skuter\u00f3w wynosi 100 km dziennie. Ka\u017cdy dodatkowy kilometr b\u0119dzie naliczany w wysoko\u015bci \u20ac 0,50.<\/p><p>Quady mog\u0105 by\u0107 u\u017cytkowane wy\u0142\u0105cznie w promieniu 40 km od punktu wynajmu. Ka\u017cde odzyskanie pojazdu lub pomoc drogowa poza tym obszarem b\u0119dzie kosztowa\u0107 \u20ac 150.<\/p><p>Maksymalna pr\u0119dko\u015b\u0107 dla quad\u00f3w wynosi 65 km\/h. W przypadku powtarzaj\u0105cych si\u0119 narusze\u0144 zarejestrowanych przez GPS, wynajem zostanie natychmiast zako\u0144czony, a op\u0142ata w wysoko\u015bci \u20ac 150 za odzyskanie pojazdu zostanie naliczona (brak zwrotu za niewykorzystany czas wynajmu).<\/p><p>Jazda poza drogami publicznymi jest surowo zabroniona. W przypadku wykrycia przez GPS jazdy poza drogami publicznymi, wynajem zostanie natychmiast zako\u0144czony, a naliczona zostanie kara \u20ac 250 + \u20ac 150 koszt\u00f3w odzyskania pojazdu (brak zwrotu za niewykorzystany czas). Jazda poza drogami obejmuje wszelkie poruszanie si\u0119 po nieutwardzonych nawierzchniach, drogach gruntowych, pla\u017cach, polach, drogach le\u015bnych lub innych powierzchniach nieuznawanych za drogi publiczne.<\/p><p>Podczas korzystania z pojazdu obowi\u0105zkowe jest noszenie kasku przez ca\u0142y czas.<\/p><p>W przypadku zgubienia kluczy do pojazdu zostanie naliczona op\u0142ata \u20ac 80.<\/p><p>W przypadku zgubienia kasku zostanie naliczona op\u0142ata \u20ac 50.<\/p><p>Korzystanie z pojazdu poza g\u0142\u00f3wn\u0105 wysp\u0105 Kret\u0105 jest surowo zabronione i skutkuje kar\u0105 \u20ac 1000.<\/p><p>Najemca ponosi pe\u0142n\u0105 odpowiedzialno\u015b\u0107 za wszelkie wykroczenia drogowe i mandaty powsta\u0142e w czasie wynajmu.<\/p><p>Firma zastrzega sobie prawo do obci\u0105\u017cenia karty kredytowej najemcy za wszelkie szkody, mandaty lub naruszenia niniejszych warunk\u00f3w.<\/p><p><strong>ZWROT<\/strong><\/p><p>Pojazd musi zosta\u0107 zwr\u00f3cony z tak\u0105 sam\u0105 ilo\u015bci\u0105 paliwa, z jak\u0105 zosta\u0142 odebrany. W przypadku zwrotu z mniejsz\u0105 ilo\u015bci\u0105 paliwa najemca zostanie obci\u0105\u017cony kosztami brakuj\u0105cej ilo\u015bci. W przypadku zwrotu z wi\u0119ksz\u0105 ilo\u015bci\u0105 paliwa nie przys\u0142uguje zwrot koszt\u00f3w.<\/p><p>Pojazd musi zosta\u0107 zwr\u00f3cony w czystym stanie. W przeciwnym razie zostanie naliczona op\u0142ata za czyszczenie w wysoko\u015bci \u20ac 25.<\/p><p>Godzina zwrotu dla wynajmu jednodniowego to 21:00. Op\u00f3\u017aniony zwrot mo\u017ce skutkowa\u0107 dodatkowymi op\u0142atami oraz wp\u0142ywa\u0107 na zakres ochrony ubezpieczeniowej. Pojazdy zwr\u00f3cone z op\u00f3\u017anieniem (obowi\u0105zuje 30 minut okresu tolerancji) b\u0119d\u0105 obci\u0105\u017cone op\u0142at\u0105 za dodatkowy pe\u0142ny dzie\u0144 wynajmu.<\/p><p><strong>WYPADEK <\/strong><\/p><p>W przypadku wypadku najemca musi natychmiast poinformowa\u0107 firm\u0119 oraz policj\u0119 i dostarczy\u0107 oficjalny raport policyjny przy zwrocie pojazdu. W przeciwnym razie ubezpieczenie CDW traci wa\u017cno\u015b\u0107, a najemca ponosi pe\u0142n\u0105 odpowiedzialno\u015b\u0107 za wszystkie szkody.\n\nNajemca musi pozosta\u0107 na miejscu zdarzenia do czasu przybycia policji i przedstawicieli ubezpieczenia. Je\u017celi najemca ponosi win\u0119 za wypadek, zostanie naliczona op\u0142ata administracyjna w wysoko\u015bci \u20ac 15, a najemca zobowi\u0105zuje si\u0119 pokry\u0107 koszt utraty mo\u017cliwo\u015bci u\u017cytkowania pojazdu lub sprz\u0119tu. Op\u0142ata ta wynosi \u20ac 150 za dzie\u0144 od daty zdarzenia do momentu naprawy i ponownego wprowadzenia pojazdu do u\u017cytku, maksymalnie za 14 dni.<\/p><p><strong>UBEZPIECZENIE <\/strong><\/p><p><strong>Collision Damage Waiver (CDW) &#8211; <\/strong>Odpowiedzialno\u015b\u0107 najemcy za szkody w wynajmowanym poje\u017adzie jest ograniczona w nast\u0119puj\u0105cy spos\u00f3b:<\/p><p>Dla pojazd\u00f3w od 100cc do 150cc: najemca ponosi odpowiedzialno\u015b\u0107 do \u20ac 300 + VAT za ka\u017cde zdarzenie.<\/p><p>Dla quad\u00f3w do 440cc: najemca ponosi odpowiedzialno\u015b\u0107 do \u20ac 400 + VAT za ka\u017cde zdarzenie.<\/p><p>Dla quad\u00f3w od 450cc oraz wszystkich buggy: najemca ponosi odpowiedzialno\u015b\u0107 do \u20ac 800 + VAT za ka\u017cde zdarzenie.<\/p><p>Najemca zobowi\u0105zany jest niezw\u0142ocznie poinformowa\u0107 nas o ka\u017cdym zdarzeniu, gdy tylko si\u0119 o nim dowie. Je\u015bli szkoda zostanie zg\u0142oszona dopiero przy zwrocie pojazdu, nie b\u0119dzie obj\u0119ta ubezpieczeniem, a najemca ponosi pe\u0142n\u0105 odpowiedzialno\u015b\u0107 za wszystkie zwi\u0105zane z tym koszty. Nale\u017cy pami\u0119ta\u0107, \u017ce szkody dotycz\u0105ce opon, szyby przedniej, szyb bocznych lub podwozia pojazdu nie s\u0105 obj\u0119te \u017cadnym ograniczeniem odpowiedzialno\u015bci.<\/p><p><strong>Ubezpieczenie nie obejmuje nast\u0119puj\u0105cych przypadk\u00f3w:<\/strong><\/p><p>U\u017cytkowania pojazdu poza drogami publicznymi lub na nieautoryzowanych drogach nieutwardzonych.<\/p><p>U\u017cytkowania pojazdu po wypadku.<\/p><p>Prowadzenia pojazdu pod wp\u0142ywem alkoholu lub innych substancji.<\/p><p>U\u017cytkowania pojazdu przez kierowc\u00f3w niewskazanych w umowie najmu.<\/p><p>Niew\u0142a\u015bciwej lub niedba\u0142ej jazdy.<\/p><p>Szk\u00f3d wynikaj\u0105cych z naruszenia przepis\u00f3w ruchu drogowego.<\/p><p>Szk\u00f3d spowodowanych u\u017cyciem niew\u0142a\u015bciwego paliwa.<\/p><p>Szk\u00f3d umy\u015blnych lub wynikaj\u0105cych z ra\u017c\u0105cego niedbalstwa (np. spalona sprz\u0119g\u0142o lub opony).<\/p><p>Uszkodze\u0144 podwozia, wn\u0119trza lub opon pojazdu.<\/p><p>Przekroczenia maksymalnej liczby pasa\u017cer\u00f3w dopuszczonej w dokumentach pojazdu.<\/p><p>U\u017cytkowania pojazdu po up\u0142ywie okresu najmu okre\u015blonego w umowie.<\/p><p>Szk\u00f3d wynikaj\u0105cych z wypadk\u00f3w niezg\u0142oszonych jednocze\u015bnie firmie i policji w momencie zdarzenia.<\/p><p>Szkody dotycz\u0105ce opon, szyby przedniej, szyb bocznych lub dolnej cz\u0119\u015bci pojazdu s\u0105 wyra\u017anie wy\u0142\u0105czone z ochrony ubezpieczeniowej.<\/p><p>W przypadku quad\u00f3w, skuter\u00f3w i motocykli ubezpieczenie nie obejmuje kradzie\u017cy, chyba \u017ce wykupiono dodatkow\u0105 ochron\u0119 od kradzie\u017cy. W przeciwnym razie najemca ponosi pe\u0142n\u0105 odpowiedzialno\u015b\u0107 za warto\u015b\u0107 odtworzeniow\u0105 pojazdu.<\/p><p>Zastrzegamy sobie prawo do zapisania danych karty kredytowej najemcy. Je\u015bli w przypadku szkody obci\u0105\u017cenie dokonane przez nas zostanie zakwestionowane w firmie obs\u0142uguj\u0105cej kart\u0119 kredytow\u0105 pomimo wcze\u015bniejszej autoryzacji, zostan\u0105 naliczone dodatkowe op\u0142aty administracyjne w wysoko\u015bci \u20ac 300 oraz dalsze koszty prawne i s\u0105dowe.<\/p><p><strong>CZ\u0118\u015aCIOWA NIEWA\u017bNO\u015a\u0106 \/ PRAWO W\u0141A\u015aCIWE <\/strong><\/p><p>Je\u017celi kt\u00f3rekolwiek z postanowie\u0144 niniejszej umowy zostanie uznane przez w\u0142a\u015bciwy s\u0105d za niewa\u017cne lub niewykonalne, pozosta\u0142e postanowienia pozostaj\u0105 w pe\u0142ni w mocy. Niniejsza umowa podlega prawu greckiemu i powinna by\u0107 zgodnie z nim interpretowana.<\/p><p>\u00a0<\/p>\t\t\t\t\t\t\t\t<\/div>\n\t\t\t\t\t<\/div>\n\t\t\t\t<\/div>\n\t\t\t\t<\/div>","protected":false},"excerpt":{"rendered":"<p>Rental Terms &amp; Conditions DRIVER The minimum age for renting scooters or motorbikes up to 125cc is 18 years. For any other vehicle, the minimum age is 21. The driver must present: A valid driver\u2019s licence issued at least one year prior to the rental date. Citizens of non-EU countries must also present a valid [&hellip;]<\/p>\n","protected":false},"author":1,"featured_media":0,"parent":0,"menu_order":0,"comment_status":"closed","ping_status":"closed","template":"","meta":{"site-sidebar-layout":"no-sidebar","site-content-layout":"page-builder","ast-site-content-layout":"full-width-container","site-content-style":"default","site-sidebar-style":"default","ast-global-header-display":"","ast-banner-title-visibility":"","ast-main-header-display":"","ast-hfb-above-header-display":"","ast-hfb-below-header-display":"","ast-hfb-mobile-header-display":"","site-post-title":"disabled","ast-breadcrumbs-content":"","ast-featured-img":"disabled","footer-sml-layout":"","ast-disable-related-posts":"","theme-transparent-header-meta":"","adv-header-id-meta":"","stick-header-meta":"","header-above-stick-meta":"","header-main-stick-meta":"","header-below-stick-meta":"","astra-migrate-meta-layouts":"set","ast-page-background-enabled":"default","ast-page-background-meta":{"desktop":{"background-color":"var(--ast-global-color-5)","background-image":"","background-repeat":"repeat","background-position":"center center","background-size":"auto","background-attachment":"scroll","background-type":"","background-media":"","overlay-type":"","overlay-color":"","overlay-opacity":"","overlay-gradient":""},"tablet":{"background-color":"","background-image":"","background-repeat":"repeat","background-position":"center center","background-size":"auto","background-attachment":"scroll","background-type":"","background-media":"","overlay-type":"","overlay-color":"","overlay-opacity":"","overlay-gradient":""},"mobile":{"background-color":"","background-image":"","background-repeat":"repeat","background-position":"center center","background-size":"auto","background-attachment":"scroll","background-type":"","background-media":"","overlay-type":"","overlay-color":"","overlay-opacity":"","overlay-gradient":""}},"ast-content-background-meta":{"desktop":{"background-color":"var(--ast-global-color-4)","background-image":"","background-repeat":"repeat","background-position":"center center","background-size":"auto","background-attachment":"scroll","background-type":"","background-media":"","overlay-type":"","overlay-color":"","overlay-opacity":"","overlay-gradient":""},"tablet":{"background-color":"var(--ast-global-color-4)","background-image":"","background-repeat":"repeat","background-position":"center center","background-size":"auto","background-attachment":"scroll","background-type":"","background-media":"","overlay-type":"","overlay-color":"","overlay-opacity":"","overlay-gradient":""},"mobile":{"background-color":"var(--ast-global-color-4)","background-image":"","background-repeat":"repeat","background-position":"center center","background-size":"auto","background-attachment":"scroll","background-type":"","background-media":"","overlay-type":"","overlay-color":"","overlay-opacity":"","overlay-gradient":""}},"footnotes":""},"class_list":["post-2217","page","type-page","status-publish","hentry"],"_links":{"self":[{"href":"https:\/\/lat35.eu\/pl\/wp-json\/wp\/v2\/pages\/2217","targetHints":{"allow":["GET"]}}],"collection":[{"href":"https:\/\/lat35.eu\/pl\/wp-json\/wp\/v2\/pages"}],"about":[{"href":"https:\/\/lat35.eu\/pl\/wp-json\/wp\/v2\/types\/page"}],"author":[{"embeddable":true,"href":"https:\/\/lat35.eu\/pl\/wp-json\/wp\/v2\/users\/1"}],"replies":[{"embeddable":true,"href":"https:\/\/lat35.eu\/pl\/wp-json\/wp\/v2\/comments?post=2217"}],"version-history":[{"count":40,"href":"https:\/\/lat35.eu\/pl\/wp-json\/wp\/v2\/pages\/2217\/revisions"}],"predecessor-version":[{"id":2394,"href":"https:\/\/lat35.eu\/pl\/wp-json\/wp\/v2\/pages\/2217\/revisions\/2394"}],"wp:attachment":[{"href":"https:\/\/lat35.eu\/pl\/wp-json\/wp\/v2\/media?parent=2217"}],"curies":[{"name":"wp","href":"https:\/\/api.w.org\/{rel}","templated":true}]}}